{"id":760,"date":"2012-01-07T15:50:07","date_gmt":"2012-01-07T13:50:07","guid":{"rendered":"http:\/\/www.kabely.cz\/wp\/?page_id=760"},"modified":"2012-04-30T11:32:22","modified_gmt":"2012-04-30T10:32:22","slug":"dodavatele-alarmsystemu-a-pristupovych-systemu","status":"publish","type":"page","link":"https:\/\/www.kabely.cz\/wp\/dodavatele-alarmsystemu-a-pristupovych-systemu\/","title":{"rendered":"Dodavatel\u00e9 alarmsyst\u00e9m\u016f a p\u0159\u00edstupov\u00fdch syst\u00e9m\u016f"},"content":{"rendered":"<div style=\"border:1px solid grey;background-color:#e5e5e5\">\n<div style=\"float:left;padding:0 2em 0 2em\">\n<a href=\"http:\/\/www.kelcom.cz\/\"><br \/>\n<img data-recalc-dims=\"1\" loading=\"lazy\" decoding=\"async\" data-attachment-id=\"1477\" data-permalink=\"https:\/\/www.kabely.cz\/wp\/dodavatele-alarmsystemu-a-pristupovych-systemu\/kelcom_logo\/\" data-orig-file=\"https:\/\/i0.wp.com\/www.kabely.cz\/wp\/wp-content\/uploads\/2012\/01\/kelcom_logo.gif?fit=180%2C82&amp;ssl=1\" data-orig-size=\"180,82\" data-comments-opened=\"0\" data-image-meta=\"{&quot;aperture&quot;:&quot;0&quot;,&quot;credit&quot;:&quot;&quot;,&quot;camera&quot;:&quot;&quot;,&quot;caption&quot;:&quot;&quot;,&quot;created_timestamp&quot;:&quot;0&quot;,&quot;copyright&quot;:&quot;&quot;,&quot;focal_length&quot;:&quot;0&quot;,&quot;iso&quot;:&quot;0&quot;,&quot;shutter_speed&quot;:&quot;0&quot;,&quot;title&quot;:&quot;&quot;}\" data-image-title=\"kelcom_logo\" data-image-description=\"\" data-image-caption=\"&lt;p&gt;Kelcom&lt;\/p&gt;\n\" data-large-file=\"https:\/\/i0.wp.com\/www.kabely.cz\/wp\/wp-content\/uploads\/2012\/01\/kelcom_logo.gif?fit=180%2C82&amp;ssl=1\" src=\"https:\/\/i0.wp.com\/www.kabely.cz\/wp\/wp-content\/uploads\/2012\/01\/kelcom_logo.gif?resize=180%2C82\" alt=\"Kelcom\" title=\"Kelcom\" width=\"180\" height=\"82\" class=\"size-full wp-image-1477\" \/><br \/>\n<\/a>\n<\/div>\n<div style=\"padding:4em 0 4em 2em\">\nSpecializovan\u00fd distributor zabezpe\u010dovac\u00ed techniky.<br \/>\n<a href=\"http:\/\/www.kelcom.cz\/\">www.kelcom.cz<\/a>\n<\/div>\n<\/div>\n","protected":false},"excerpt":{"rendered":"<p>Specializovan\u00fd distributor zabezpe\u010dovac\u00ed techniky. www.kelcom.cz<\/p>\n","protected":false},"author":1,"featured_media":0,"parent":0,"menu_order":0,"comment_status":"closed","ping_status":"closed","template":"","meta":{"jetpack_post_was_ever_published":false,"footnotes":""},"class_list":["post-760","page","type-page","status-publish","hentry"],"jetpack_sharing_enabled":true,"jetpack_shortlink":"https:\/\/wp.me\/P8YR1r-cg","jetpack-related-posts":[],"_links":{"self":[{"href":"https:\/\/www.kabely.cz\/wp\/wp-json\/wp\/v2\/pages\/760","targetHints":{"allow":["GET"]}}],"collection":[{"href":"https:\/\/www.kabely.cz\/wp\/wp-json\/wp\/v2\/pages"}],"about":[{"href":"https:\/\/www.kabely.cz\/wp\/wp-json\/wp\/v2\/types\/page"}],"author":[{"embeddable":true,"href":"https:\/\/www.kabely.cz\/wp\/wp-json\/wp\/v2\/users\/1"}],"replies":[{"embeddable":true,"href":"https:\/\/www.kabely.cz\/wp\/wp-json\/wp\/v2\/comments?post=760"}],"version-history":[{"count":28,"href":"https:\/\/www.kabely.cz\/wp\/wp-json\/wp\/v2\/pages\/760\/revisions"}],"predecessor-version":[{"id":1476,"href":"https:\/\/www.kabely.cz\/wp\/wp-json\/wp\/v2\/pages\/760\/revisions\/1476"}],"wp:attachment":[{"href":"https:\/\/www.kabely.cz\/wp\/wp-json\/wp\/v2\/media?parent=760"}],"curies":[{"name":"wp","href":"https:\/\/api.w.org\/{rel}","templated":true}]}}