{"id":1126,"date":"2012-03-11T09:22:54","date_gmt":"2012-03-11T08:22:54","guid":{"rendered":"http:\/\/www.kabely.cz\/wp\/?page_id=1126"},"modified":"2012-05-18T10:29:33","modified_gmt":"2012-05-18T09:29:33","slug":"nase-vlastni-vyroba","status":"publish","type":"page","link":"https:\/\/www.kabely.cz\/wp\/nase-vlastni-vyroba\/","title":{"rendered":"um\u00edme \u0159\u00eddit hydrauliku"},"content":{"rendered":"<style>a {color:blue}<\/style>\n<p>&nbsp;<\/p>\n<div><a href=\"http:\/\/www.kabely.cz\/wp\/nase-vlastni-vyroba\/\"><br \/>\n<\/a><br \/>\nM\u00e1me dlouholet\u00e9 zku\u0161enosti s vlastn\u00ed v\u00fdrobou a n\u00e1vrhem elektronick\u00fdch syst\u00e9m\u016f pro \u0159\u00edzen\u00ed hydrauliky. Um\u00edme \u0159\u00eddit hydraulick\u00e9 syst\u00e9my DANFOSS, PARKER, BUCHER, HYTOS a dal\u0161\u00ed.Vyr\u00e1b\u00edme n\u011bkolik \u0159\u00edd\u00edc\u00edch desek a n\u011bkolik ovl\u00e1dac\u00edch panel\u016f, kter\u00e9 m\u016f\u017eeme zdarma p\u0159izp\u016fsobit Va\u0161im syst\u00e9m\u016fm.<\/div>\n<div style=\"clear: both;\"><\/div>\n<div style=\"clear: both;\">Zde je v\u00fdb\u011br z na\u0161\u00ed nab\u00eddky:<\/div>\n<div style=\"clear: both;\"><\/div>\n<div style=\"clear: both;\">\u00a0 \u00a0<a href=\"http:\/\/www.kabely.cz\/wp\/2012\/02\/27\/982\/\"><img data-recalc-dims=\"1\" loading=\"lazy\" decoding=\"async\" data-attachment-id=\"1587\" data-permalink=\"https:\/\/www.kabely.cz\/wp\/vyvoj-na-zakazku\/ikonax-150x150\/\" data-orig-file=\"https:\/\/i0.wp.com\/www.kabely.cz\/wp\/wp-content\/uploads\/2012\/01\/ikonax-150x150.jpg?fit=150%2C150&amp;ssl=1\" data-orig-size=\"150,150\" data-comments-opened=\"0\" data-image-meta=\"{&quot;aperture&quot;:&quot;0&quot;,&quot;credit&quot;:&quot;&quot;,&quot;camera&quot;:&quot;&quot;,&quot;caption&quot;:&quot;&quot;,&quot;created_timestamp&quot;:&quot;0&quot;,&quot;copyright&quot;:&quot;&quot;,&quot;focal_length&quot;:&quot;0&quot;,&quot;iso&quot;:&quot;0&quot;,&quot;shutter_speed&quot;:&quot;0&quot;,&quot;title&quot;:&quot;&quot;}\" data-image-title=\"ikonax-150&amp;#215;150\" data-image-description=\"\" data-image-caption=\"\" data-large-file=\"https:\/\/i0.wp.com\/www.kabely.cz\/wp\/wp-content\/uploads\/2012\/01\/ikonax-150x150.jpg?fit=150%2C150&amp;ssl=1\" class=\"alignleft size-full wp-image-1587\" title=\"ikonax-150x150\" src=\"https:\/\/i0.wp.com\/www.kabely.cz\/wp\/wp-content\/uploads\/2012\/01\/ikonax-150x150.jpg?resize=150%2C150\" alt=\"\" width=\"150\" height=\"150\" \/><\/a><\/div>\n<div style=\"clear: both;\"><a href=\"http:\/\/www.kabely.cz\/wp\/2012\/02\/27\/982\/\">Mini \u0159\u00edd\u00edc\u00ed syst\u00e9m ICON<\/a><\/div>\n<div style=\"clear: both;\"><\/div>\n<div style=\"clear: both;\"><\/div>\n<div style=\"clear: both;\">\n<figure id=\"attachment_1579\" aria-describedby=\"caption-attachment-1579\" style=\"width: 300px\" class=\"wp-caption alignleft\"><a href=\"http:\/\/www.kabely.cz\/wp\/2012\/02\/27\/mega-ridici-system\/\"><img data-recalc-dims=\"1\" loading=\"lazy\" decoding=\"async\" data-attachment-id=\"1579\" data-permalink=\"https:\/\/www.kabely.cz\/wp\/nase-vlastni-vyroba-2\/sil16slab-300x225\/\" data-orig-file=\"https:\/\/i0.wp.com\/www.kabely.cz\/wp\/wp-content\/uploads\/2012\/05\/sil16slab-300x225.jpg?fit=300%2C225&amp;ssl=1\" data-orig-size=\"300,225\" data-comments-opened=\"0\" data-image-meta=\"{&quot;aperture&quot;:&quot;0&quot;,&quot;credit&quot;:&quot;&quot;,&quot;camera&quot;:&quot;&quot;,&quot;caption&quot;:&quot;&quot;,&quot;created_timestamp&quot;:&quot;0&quot;,&quot;copyright&quot;:&quot;&quot;,&quot;focal_length&quot;:&quot;0&quot;,&quot;iso&quot;:&quot;0&quot;,&quot;shutter_speed&quot;:&quot;0&quot;,&quot;title&quot;:&quot;&quot;}\" data-image-title=\"sil16slab-300&amp;#215;225\" data-image-description=\"\" data-image-caption=\"&lt;p&gt;\u0158\u00edd\u00edc\u00ed syst\u00e9m&lt;\/p&gt;\n\" data-large-file=\"https:\/\/i0.wp.com\/www.kabely.cz\/wp\/wp-content\/uploads\/2012\/05\/sil16slab-300x225.jpg?fit=300%2C225&amp;ssl=1\" class=\"size-full wp-image-1579 \" title=\"sil16slab-300x225\" src=\"https:\/\/i0.wp.com\/www.kabely.cz\/wp\/wp-content\/uploads\/2012\/05\/sil16slab-300x225.jpg?resize=300%2C225\" alt=\"\u0158\u00edd\u00edc\u00ed syst\u00e9m\" width=\"300\" height=\"225\" \/><\/a><figcaption id=\"caption-attachment-1579\" class=\"wp-caption-text\">\u0158\u00edd\u00edc\u00ed syst\u00e9m<\/figcaption><\/figure>\n<\/div>\n<div style=\"clear: both;\"><a href=\"http:\/\/www.kabely.cz\/wp\/2012\/02\/27\/mega-ridici-system\/\">Mega \u0159\u00edd\u00edc\u00ed syst\u00e9m.<\/a><\/div>\n<div style=\"clear: both;\"><\/div>\n<div style=\"clear: both;\"><\/div>\n<div style=\"clear: both;\"><a href=\"http:\/\/www.kabely.cz\/wp\/2012\/02\/27\/vodeodolny-ovladaci-panel-4\/\"><img data-recalc-dims=\"1\" loading=\"lazy\" decoding=\"async\" data-attachment-id=\"117\" data-permalink=\"https:\/\/www.kabely.cz\/wp\/nase-vlastni-vyroba\/panelmyckabok\/\" data-orig-file=\"https:\/\/i0.wp.com\/www.kabely.cz\/wp\/wp-content\/uploads\/2009\/07\/panelmyckabok.jpg?fit=3264%2C2448&amp;ssl=1\" data-orig-size=\"3264,2448\" data-comments-opened=\"0\" data-image-meta=\"{&quot;aperture&quot;:&quot;5.2&quot;,&quot;credit&quot;:&quot;&quot;,&quot;camera&quot;:&quot;E-500&quot;,&quot;caption&quot;:&quot;&quot;,&quot;created_timestamp&quot;:&quot;943916400&quot;,&quot;copyright&quot;:&quot;&quot;,&quot;focal_length&quot;:&quot;39&quot;,&quot;iso&quot;:&quot;400&quot;,&quot;shutter_speed&quot;:&quot;0.0125&quot;,&quot;title&quot;:&quot;&quot;}\" data-image-title=\"panelmyckabok\" data-image-description=\"\" data-image-caption=\"\" data-large-file=\"https:\/\/i0.wp.com\/www.kabely.cz\/wp\/wp-content\/uploads\/2009\/07\/panelmyckabok.jpg?fit=800%2C600&amp;ssl=1\" class=\"alignleft size-medium wp-image-117\" title=\"panelmyckabok\" src=\"https:\/\/i0.wp.com\/www.kabely.cz\/wp\/wp-content\/uploads\/2009\/07\/panelmyckabok.jpg?resize=300%2C225\" alt=\"\" width=\"300\" height=\"225\" srcset=\"https:\/\/i0.wp.com\/www.kabely.cz\/wp\/wp-content\/uploads\/2009\/07\/panelmyckabok.jpg?resize=300%2C225&amp;ssl=1 300w, https:\/\/i0.wp.com\/www.kabely.cz\/wp\/wp-content\/uploads\/2009\/07\/panelmyckabok.jpg?resize=1024%2C768&amp;ssl=1 1024w, https:\/\/i0.wp.com\/www.kabely.cz\/wp\/wp-content\/uploads\/2009\/07\/panelmyckabok.jpg?w=1600 1600w, https:\/\/i0.wp.com\/www.kabely.cz\/wp\/wp-content\/uploads\/2009\/07\/panelmyckabok.jpg?w=2400 2400w\" sizes=\"auto, (max-width: 300px) 100vw, 300px\" \/><\/a><\/div>\n<div style=\"clear: both;\"><a href=\"http:\/\/www.kabely.cz\/wp\/2012\/02\/27\/vodeodolny-ovladaci-panel-4\/\">\u00a0Panel 4 vodot\u011bsn\u00fd<\/a><\/div>\n<div style=\"clear: both;\"><\/div>\n<div style=\"clear: both;\">\n<div style=\"clear: both;\"><a href=\"http:\/\/www.kabely.cz\/wp\/2012\/02\/27\/mega-ridici-system\/\"><img data-recalc-dims=\"1\" loading=\"lazy\" decoding=\"async\" data-attachment-id=\"1593\" data-permalink=\"https:\/\/www.kabely.cz\/wp\/nase-vlastni-vyroba\/panelrztop-300x225\/\" data-orig-file=\"https:\/\/i0.wp.com\/www.kabely.cz\/wp\/wp-content\/uploads\/2012\/03\/panelrztop-300x225.jpg?fit=300%2C225&amp;ssl=1\" data-orig-size=\"300,225\" data-comments-opened=\"0\" data-image-meta=\"{&quot;aperture&quot;:&quot;0&quot;,&quot;credit&quot;:&quot;&quot;,&quot;camera&quot;:&quot;&quot;,&quot;caption&quot;:&quot;&quot;,&quot;created_timestamp&quot;:&quot;0&quot;,&quot;copyright&quot;:&quot;&quot;,&quot;focal_length&quot;:&quot;0&quot;,&quot;iso&quot;:&quot;0&quot;,&quot;shutter_speed&quot;:&quot;0&quot;,&quot;title&quot;:&quot;&quot;}\" data-image-title=\"panelrztop-300&amp;#215;225\" data-image-description=\"\" data-image-caption=\"&lt;p&gt;Ovl\u00e1dac\u00ed panel&lt;\/p&gt;\n\" data-large-file=\"https:\/\/i0.wp.com\/www.kabely.cz\/wp\/wp-content\/uploads\/2012\/03\/panelrztop-300x225.jpg?fit=300%2C225&amp;ssl=1\" class=\"alignleft size-full wp-image-1593\" style=\"border-style: initial; border-color: initial; border-width: 0px;\" title=\"Ovl\u00e1dac\u00ed panel\" src=\"https:\/\/i0.wp.com\/www.kabely.cz\/wp\/wp-content\/uploads\/2012\/03\/panelrztop-300x225.jpg?resize=300%2C225\" alt=\"Ovl\u00e1dac\u00ed panel\" width=\"300\" height=\"225\" \/><\/a><\/div>\n<div><\/div>\n<\/div>\n<div style=\"clear: both;\"><a href=\"http:\/\/www.kabely.cz\/wp\/2012\/02\/27\/mega-ridici-system\/\">Panel joystickov\u00fd vodot\u011bsn\u00fd<\/a><\/div>\n<div style=\"clear: both;\"><\/div>\n<div style=\"clear: both;\">\n<br \/>\n<a href=\"http:\/\/www.kabely.cz\/wp\/2012\/05\/18\/mala-jednotka-4x4\/\"><img data-recalc-dims=\"1\" loading=\"lazy\" decoding=\"async\" data-attachment-id=\"1612\" data-permalink=\"https:\/\/www.kabely.cz\/wp\/nase-vlastni-vyroba\/4x4_1s\/\" data-orig-file=\"https:\/\/i0.wp.com\/www.kabely.cz\/wp\/wp-content\/uploads\/2012\/03\/4x4_1s.jpg?fit=300%2C360&amp;ssl=1\" data-orig-size=\"300,360\" data-comments-opened=\"0\" data-image-meta=\"{&quot;aperture&quot;:&quot;0&quot;,&quot;credit&quot;:&quot;&quot;,&quot;camera&quot;:&quot;&quot;,&quot;caption&quot;:&quot;&quot;,&quot;created_timestamp&quot;:&quot;0&quot;,&quot;copyright&quot;:&quot;&quot;,&quot;focal_length&quot;:&quot;0&quot;,&quot;iso&quot;:&quot;0&quot;,&quot;shutter_speed&quot;:&quot;0&quot;,&quot;title&quot;:&quot;&quot;}\" data-image-title=\"jednotka4x4\" data-image-description=\"\" data-image-caption=\"&lt;p&gt;jednotka4x4&lt;\/p&gt;\n\" data-large-file=\"https:\/\/i0.wp.com\/www.kabely.cz\/wp\/wp-content\/uploads\/2012\/03\/4x4_1s.jpg?fit=300%2C360&amp;ssl=1\" class=\"size-full wp-image-1612\" title=\"jednotka4x4\" src=\"https:\/\/i0.wp.com\/www.kabely.cz\/wp\/wp-content\/uploads\/2012\/03\/4x4_1s.jpg?resize=300%2C360\" alt=\"jednotka4x4\" width=\"300\" height=\"360\" srcset=\"https:\/\/i0.wp.com\/www.kabely.cz\/wp\/wp-content\/uploads\/2012\/03\/4x4_1s.jpg?w=300&amp;ssl=1 300w, https:\/\/i0.wp.com\/www.kabely.cz\/wp\/wp-content\/uploads\/2012\/03\/4x4_1s.jpg?resize=250%2C300&amp;ssl=1 250w\" sizes=\"auto, (max-width: 300px) 100vw, 300px\" \/><\/a><br \/>\n<a href=\"http:\/\/www.kabely.cz\/wp\/2012\/05\/18\/mala-jednotka-4x4\/\">\u0158\u00edd\u00edc\u00ed jednotka 4&#215;4<\/a>\n<\/div>\n<div style=\"clear: both;\"><\/div>\n<div>\n<div class=\"alignleft\" style=\"width: 70%;\">\n<p>&nbsp;<\/p>\n<div style=\"clear: both;\">Poptejte n\u00e1s a ud\u011bl\u00e1me V\u00e1m nab\u00eddku na jak\u00fdkoli po\u010det kus\u016f.<\/div>\n<p>Volejte 323 621 354, nebo pi\u0161te na <a href=\"mailto:david@molnar.cz\">david@molnar.cz<\/a><\/p>\n<p>N\u011bkter\u00e9 hotov\u00e9 v\u00fdrobky najdete v na\u0161em e-shopu:\u00a0<a title=\"www.dmes.cz\" href=\"http:\/\/www.dmes.cz\/21-nase-vlastni-vyroba\">http:\/\/www.dmes.cz\/21-nase-vlastni-vyroba<\/a><\/p>\n<\/div>\n<p>&nbsp;<\/p>\n<\/div>\n<div style=\"clear: both;\"><\/div>\n<p>&nbsp;<\/p>\n<p><span class=\"embed-youtube\" style=\"text-align:center; display: block;\"><iframe loading=\"lazy\" class=\"youtube-player\" width=\"800\" height=\"450\" src=\"https:\/\/www.youtube.com\/embed\/MZfuCew3Dw8?version=3&#038;rel=1&#038;showsearch=0&#038;showinfo=1&#038;iv_load_policy=1&#038;fs=1&#038;hl=cs-CZ&#038;autohide=2&#038;wmode=transparent\" allowfullscreen=\"true\" style=\"border:0;\" sandbox=\"allow-scripts allow-same-origin allow-popups allow-presentation allow-popups-to-escape-sandbox\"><\/iframe><\/span><\/p>\n","protected":false},"excerpt":{"rendered":"<p>&nbsp; M\u00e1me dlouholet\u00e9 zku\u0161enosti s vlastn\u00ed v\u00fdrobou a n\u00e1vrhem elektronick\u00fdch syst\u00e9m\u016f pro \u0159\u00edzen\u00ed hydrauliky. Um\u00edme \u0159\u00eddit hydraulick\u00e9 syst\u00e9my DANFOSS, PARKER, BUCHER, HYTOS a dal\u0161\u00ed.Vyr\u00e1b\u00edme n\u011bkolik \u0159\u00edd\u00edc\u00edch desek a n\u011bkolik ovl\u00e1dac\u00edch &#8230;<\/p>\n","protected":false},"author":1,"featured_media":0,"parent":0,"menu_order":0,"comment_status":"closed","ping_status":"closed","template":"","meta":{"jetpack_post_was_ever_published":false,"footnotes":""},"class_list":["post-1126","page","type-page","status-publish","hentry"],"jetpack_sharing_enabled":true,"jetpack_shortlink":"https:\/\/wp.me\/P8YR1r-ia","jetpack-related-posts":[],"_links":{"self":[{"href":"https:\/\/www.kabely.cz\/wp\/wp-json\/wp\/v2\/pages\/1126","targetHints":{"allow":["GET"]}}],"collection":[{"href":"https:\/\/www.kabely.cz\/wp\/wp-json\/wp\/v2\/pages"}],"about":[{"href":"https:\/\/www.kabely.cz\/wp\/wp-json\/wp\/v2\/types\/page"}],"author":[{"embeddable":true,"href":"https:\/\/www.kabely.cz\/wp\/wp-json\/wp\/v2\/users\/1"}],"replies":[{"embeddable":true,"href":"https:\/\/www.kabely.cz\/wp\/wp-json\/wp\/v2\/comments?post=1126"}],"version-history":[{"count":12,"href":"https:\/\/www.kabely.cz\/wp\/wp-json\/wp\/v2\/pages\/1126\/revisions"}],"predecessor-version":[{"id":1289,"href":"https:\/\/www.kabely.cz\/wp\/wp-json\/wp\/v2\/pages\/1126\/revisions\/1289"}],"wp:attachment":[{"href":"https:\/\/www.kabely.cz\/wp\/wp-json\/wp\/v2\/media?parent=1126"}],"curies":[{"name":"wp","href":"https:\/\/api.w.org\/{rel}","templated":true}]}}