{"id":1110,"date":"2012-03-11T07:59:20","date_gmt":"2012-03-11T06:59:20","guid":{"rendered":"http:\/\/www.kabely.cz\/wp\/?page_id=1110"},"modified":"2016-09-02T10:22:44","modified_gmt":"2016-09-02T09:22:44","slug":"servis-alarmsystemu","status":"publish","type":"page","link":"https:\/\/www.kabely.cz\/wp\/servis-alarmsystemu\/","title":{"rendered":"servis alarmsyst\u00e9m\u016f"},"content":{"rendered":"<p style=\"margin-top: 0px; margin-bottom: 0px; padding-top: 10px; padding-bottom: 10px; font-family: 'Trebuchet MS', 'Lucida Grande', arial, helvetica, sans-serif; font-size: 13px; font-style: normal;\"><a href=\"https:\/\/i0.wp.com\/www.kabely.cz\/wp\/wp-content\/uploads\/2012\/03\/servisodjezd1.jpg\"><img data-recalc-dims=\"1\" loading=\"lazy\" decoding=\"async\" data-attachment-id=\"1200\" data-permalink=\"https:\/\/www.kabely.cz\/wp\/objednavka-servisu\/servisodjezd1\/\" data-orig-file=\"https:\/\/i0.wp.com\/www.kabely.cz\/wp\/wp-content\/uploads\/2012\/03\/servisodjezd1.jpg?fit=640%2C427&amp;ssl=1\" data-orig-size=\"640,427\" data-comments-opened=\"0\" data-image-meta=\"{&quot;aperture&quot;:&quot;14&quot;,&quot;credit&quot;:&quot;&quot;,&quot;camera&quot;:&quot;Canon EOS 1000D&quot;,&quot;caption&quot;:&quot;&quot;,&quot;created_timestamp&quot;:&quot;1317992683&quot;,&quot;copyright&quot;:&quot;&quot;,&quot;focal_length&quot;:&quot;18&quot;,&quot;iso&quot;:&quot;400&quot;,&quot;shutter_speed&quot;:&quot;0.005&quot;,&quot;title&quot;:&quot;&quot;}\" data-image-title=\"Servis videotelefon\u016f\" data-image-description=\"\" data-image-caption=\"&lt;p&gt;Servis videotelefon\u016f&lt;\/p&gt;\n\" data-large-file=\"https:\/\/i0.wp.com\/www.kabely.cz\/wp\/wp-content\/uploads\/2012\/03\/servisodjezd1.jpg?fit=640%2C427&amp;ssl=1\" class=\"aligncenter size-full wp-image-1200\" title=\"Servis alarmsyst\u00e9m\u016f\" src=\"https:\/\/i0.wp.com\/www.kabely.cz\/wp\/wp-content\/uploads\/2012\/03\/servisodjezd1.jpg?resize=640%2C427\" alt=\"\" width=\"640\" height=\"427\" srcset=\"https:\/\/i0.wp.com\/www.kabely.cz\/wp\/wp-content\/uploads\/2012\/03\/servisodjezd1.jpg?w=640&amp;ssl=1 640w, https:\/\/i0.wp.com\/www.kabely.cz\/wp\/wp-content\/uploads\/2012\/03\/servisodjezd1.jpg?resize=300%2C200&amp;ssl=1 300w\" sizes=\"auto, (max-width: 640px) 100vw, 640px\" \/><\/a>Alarmy DSC opravujeme jedn\u00edm tahem, co\u017e znamen\u00e1, \u017ee p\u0159ijedeme,a ten sam\u00fd den m\u00e1te opraveno.<\/p>\n<p style=\"margin-top: 0px; margin-bottom: 0px; padding-top: 10px; padding-bottom: 10px; font-family: 'Trebuchet MS', 'Lucida Grande', arial, helvetica, sans-serif; font-size: 13px; font-style: normal;\">Dostate\u010dn\u00e1 z\u00e1soba n\u00e1hradn\u00edch d\u00edl\u016f v\u010detn\u011b bezdr\u00e1tov\u00fdch prvk\u016f na dopln\u011bn\u00ed alarmu je samoz\u0159ejmost\u00ed.<\/p>\n<p style=\"margin-top: 0px; margin-bottom: 0px; padding-top: 10px; padding-bottom: 10px; font-family: 'Trebuchet MS', 'Lucida Grande', arial, helvetica, sans-serif; font-size: 13px; font-style: normal;\">P\u0159evezmeme servis i pro za\u0159\u00edzen\u00ed , kter\u00e9 jsme nemontovali.<\/p>\n<p style=\"margin-top: 0px; margin-bottom: 0px; padding-top: 10px; padding-bottom: 10px; font-family: 'Trebuchet MS', 'Lucida Grande', arial, helvetica, sans-serif; font-size: 13px; font-style: normal;\"><a href=\"https:\/\/i0.wp.com\/www.kabely.cz\/wp\/wp-content\/uploads\/2012\/03\/servisheader.png\"><img data-recalc-dims=\"1\" loading=\"lazy\" decoding=\"async\" data-attachment-id=\"1209\" data-permalink=\"https:\/\/www.kabely.cz\/wp\/servis-alarmsystemu\/servisheader\/\" data-orig-file=\"https:\/\/i0.wp.com\/www.kabely.cz\/wp\/wp-content\/uploads\/2012\/03\/servisheader.png?fit=500%2C150&amp;ssl=1\" data-orig-size=\"500,150\" data-comments-opened=\"0\" data-image-meta=\"{&quot;aperture&quot;:&quot;0&quot;,&quot;credit&quot;:&quot;&quot;,&quot;camera&quot;:&quot;&quot;,&quot;caption&quot;:&quot;&quot;,&quot;created_timestamp&quot;:&quot;0&quot;,&quot;copyright&quot;:&quot;&quot;,&quot;focal_length&quot;:&quot;0&quot;,&quot;iso&quot;:&quot;0&quot;,&quot;shutter_speed&quot;:&quot;0&quot;,&quot;title&quot;:&quot;&quot;}\" data-image-title=\"servisheader\" data-image-description=\"\" data-image-caption=\"\" data-large-file=\"https:\/\/i0.wp.com\/www.kabely.cz\/wp\/wp-content\/uploads\/2012\/03\/servisheader.png?fit=500%2C150&amp;ssl=1\" class=\"aligncenter size-full wp-image-1209\" title=\"Servis alarmsyst\u00e9m\u016f\" src=\"https:\/\/i0.wp.com\/www.kabely.cz\/wp\/wp-content\/uploads\/2012\/03\/servisheader.png?resize=500%2C150\" alt=\"\" width=\"500\" height=\"150\" srcset=\"https:\/\/i0.wp.com\/www.kabely.cz\/wp\/wp-content\/uploads\/2012\/03\/servisheader.png?w=500&amp;ssl=1 500w, https:\/\/i0.wp.com\/www.kabely.cz\/wp\/wp-content\/uploads\/2012\/03\/servisheader.png?resize=300%2C90&amp;ssl=1 300w\" sizes=\"auto, (max-width: 500px) 100vw, 500px\" \/><\/a><\/p>\n<p style=\"margin-top: 0px; margin-bottom: 0px; padding-top: 10px; padding-bottom: 10px; font-family: 'Trebuchet MS', 'Lucida Grande', arial, helvetica, sans-serif; font-size: 13px; font-style: normal;\">P\u0159evzet\u00ed servisu,\u00a0 objedn\u00e1vejte v pracovn\u00ed dny od 8 do 16 hodin na tel :\u00a0<strong>777 88 18 18<\/strong>.<\/p>\n<p style=\"margin-top: 0px; margin-bottom: 0px; padding-top: 10px; padding-bottom: 10px; font-family: 'Trebuchet MS', 'Lucida Grande', arial, helvetica, sans-serif; font-size: 13px; font-style: normal;\">Po na\u0161\u00ed prvn\u00ed n\u00e1v\u0161t\u011bv\u011b u V\u00e1s dostanete z\u00e1kaznick\u00e9 \u010d\u00edslo a kontakt na nonstop servis.<\/p>\n<p style=\"margin-top: 0px; margin-bottom: 0px; padding-top: 10px; padding-bottom: 10px; font-family: 'Trebuchet MS', 'Lucida Grande', arial, helvetica, sans-serif; font-size: 13px; font-style: normal;\">\u00a0<span style=\"font-family: 'Trebuchet MS', 'Lucida Grande', arial, helvetica, sans-serif; font-size: 13px; font-style: normal;\">M\u016f\u017eete objedn\u00e1vat i tak, \u017ee vypln\u00edte formul\u00e1\u0159 a my se V\u00e1m ozveme zp\u00e1tky.\u00a0<\/span><span style=\"font-family: 'Trebuchet MS', 'Lucida Grande', arial, helvetica, sans-serif; font-size: 13px; font-style: normal;\">Sta\u010d\u00ed, kdy\u017e vypln\u00edte to co v\u00edte a kliknete na konci str\u00e1nky na \u201eOdeslat\u201c<\/span><\/p>\n<p><a href=\"https:\/\/www.taskpool.net\/servlet\/HelpdeskDynamic?eid=5833411108342&amp;lang=cs\">Pro vypln\u011bn\u00ed objedn\u00e1vky servisu klikn\u011bte <\/a><a href=\"https:\/\/www.taskpool.net\/servlet\/HelpdeskDynamic?eid=5833411108342&amp;lang=cs\">zde<\/a><a href=\"https:\/\/www.taskpool.net\/servlet\/HelpdeskDynamic?eid=5833411108342&amp;lang=cs\">.<\/a><\/p>\n<p>&nbsp;<\/p>\n<p>Nej\u010dast\u011bji prov\u00e1d\u00edme v\u00fdm\u011bnu bateri\u00ed a funk\u010dn\u00ed zkou\u0161ku,<a href=\"http:\/\/www.kabely.cz\/wp\/2012\/04\/12\/jak-probiha-vymena-akumulatoru-a-funkcni-zkouska\/\">informace najdete zde.<\/a><\/p>\n<p>&nbsp;<\/p>\n<p>&nbsp;<\/p>\n<p>&nbsp;<\/p>\n","protected":false},"excerpt":{"rendered":"<p>Alarmy DSC opravujeme jedn\u00edm tahem, co\u017e znamen\u00e1, \u017ee p\u0159ijedeme,a ten sam\u00fd den m\u00e1te opraveno. Dostate\u010dn\u00e1 z\u00e1soba n\u00e1hradn\u00edch d\u00edl\u016f v\u010detn\u011b bezdr\u00e1tov\u00fdch prvk\u016f na dopln\u011bn\u00ed alarmu je samoz\u0159ejmost\u00ed. P\u0159evezmeme servis i pro &#8230;<\/p>\n","protected":false},"author":1,"featured_media":0,"parent":0,"menu_order":0,"comment_status":"closed","ping_status":"closed","template":"","meta":{"footnotes":""},"class_list":["post-1110","page","type-page","status-publish","hentry"],"jetpack_sharing_enabled":true,"jetpack_shortlink":"https:\/\/wp.me\/P8YR1r-hU","jetpack-related-posts":[],"_links":{"self":[{"href":"https:\/\/www.kabely.cz\/wp\/wp-json\/wp\/v2\/pages\/1110","targetHints":{"allow":["GET"]}}],"collection":[{"href":"https:\/\/www.kabely.cz\/wp\/wp-json\/wp\/v2\/pages"}],"about":[{"href":"https:\/\/www.kabely.cz\/wp\/wp-json\/wp\/v2\/types\/page"}],"author":[{"embeddable":true,"href":"https:\/\/www.kabely.cz\/wp\/wp-json\/wp\/v2\/users\/1"}],"replies":[{"embeddable":true,"href":"https:\/\/www.kabely.cz\/wp\/wp-json\/wp\/v2\/comments?post=1110"}],"version-history":[{"count":8,"href":"https:\/\/www.kabely.cz\/wp\/wp-json\/wp\/v2\/pages\/1110\/revisions"}],"predecessor-version":[{"id":1836,"href":"https:\/\/www.kabely.cz\/wp\/wp-json\/wp\/v2\/pages\/1110\/revisions\/1836"}],"wp:attachment":[{"href":"https:\/\/www.kabely.cz\/wp\/wp-json\/wp\/v2\/media?parent=1110"}],"curies":[{"name":"wp","href":"https:\/\/api.w.org\/{rel}","templated":true}]}}