{"id":756,"date":"2012-01-07T16:33:03","date_gmt":"2012-01-07T14:33:03","guid":{"rendered":"http:\/\/www.kabely.cz\/wp\/?page_id=756"},"modified":"2012-04-30T11:31:13","modified_gmt":"2012-04-30T10:31:13","slug":"dodavatele-elektrosoucastek","status":"publish","type":"page","link":"http:\/\/www.kabely.cz\/wp\/dodavatele-elektrosoucastek\/","title":{"rendered":"Dodavatel\u00e9 elektrosou\u010d\u00e1stek"},"content":{"rendered":"<div style=\"border:1px solid grey;background-color:#e5e5e5\">\n<div style=\"float:left;padding:0 2em 0 2em\">\n<a href=\"http:\/\/www.ryston.cz\/\"><br \/>\n<img data-recalc-dims=\"1\" loading=\"lazy\" decoding=\"async\" data-attachment-id=\"1508\" data-permalink=\"http:\/\/www.kabely.cz\/wp\/dodavatele-elektrosoucastek\/rystonlogo\/\" data-orig-file=\"https:\/\/i0.wp.com\/www.kabely.cz\/wp\/wp-content\/uploads\/2012\/01\/rystonlogo.gif?fit=142%2C49\" data-orig-size=\"142,49\" data-comments-opened=\"0\" data-image-meta=\"{&quot;aperture&quot;:&quot;0&quot;,&quot;credit&quot;:&quot;&quot;,&quot;camera&quot;:&quot;&quot;,&quot;caption&quot;:&quot;&quot;,&quot;created_timestamp&quot;:&quot;0&quot;,&quot;copyright&quot;:&quot;&quot;,&quot;focal_length&quot;:&quot;0&quot;,&quot;iso&quot;:&quot;0&quot;,&quot;shutter_speed&quot;:&quot;0&quot;,&quot;title&quot;:&quot;&quot;}\" data-image-title=\"rystonlogo\" data-image-description=\"\" data-image-caption=\"&lt;p&gt;Ryston Electronics&lt;\/p&gt;\n\" data-medium-file=\"https:\/\/i0.wp.com\/www.kabely.cz\/wp\/wp-content\/uploads\/2012\/01\/rystonlogo.gif?fit=142%2C49\" data-large-file=\"https:\/\/i0.wp.com\/www.kabely.cz\/wp\/wp-content\/uploads\/2012\/01\/rystonlogo.gif?fit=142%2C49\" src=\"https:\/\/i0.wp.com\/www.kabely.cz\/wp\/wp-content\/uploads\/2012\/01\/rystonlogo.gif?resize=142%2C49\" alt=\"Ryston Electronics\" title=\"Ryston Electronics\" width=\"142\" height=\"49\" class=\"size-full wp-image-1508\" \/><br \/>\n<\/a>\n<\/div>\n<div style=\"padding:2em 0 4em 2em\">\nAutorizovan\u00e1 distribuce integrovan\u00fdch obvod\u016f.<br \/>\n<a href=\"http:\/\/www.ryston.cz\">www.ryston.cz<\/a>\n<\/div>\n<\/div>\n<div style=\"border:1px solid grey;background-color:#e5e5e5\">\n<div style=\"float:left;padding:0 2em 0 2em\">\n<a href=\"http:\/\/www.enika.cz\/\"><br \/>\n<img data-recalc-dims=\"1\" loading=\"lazy\" decoding=\"async\" data-attachment-id=\"1510\" data-permalink=\"http:\/\/www.kabely.cz\/wp\/dodavatele-elektrosoucastek\/enikalogo\/\" data-orig-file=\"https:\/\/i0.wp.com\/www.kabely.cz\/wp\/wp-content\/uploads\/2012\/01\/enikalogo.gif?fit=220%2C73\" data-orig-size=\"220,73\" data-comments-opened=\"0\" data-image-meta=\"{&quot;aperture&quot;:&quot;0&quot;,&quot;credit&quot;:&quot;&quot;,&quot;camera&quot;:&quot;&quot;,&quot;caption&quot;:&quot;&quot;,&quot;created_timestamp&quot;:&quot;0&quot;,&quot;copyright&quot;:&quot;&quot;,&quot;focal_length&quot;:&quot;0&quot;,&quot;iso&quot;:&quot;0&quot;,&quot;shutter_speed&quot;:&quot;0&quot;,&quot;title&quot;:&quot;&quot;}\" data-image-title=\"enikalogo\" data-image-description=\"\" data-image-caption=\"&lt;p&gt;Enika&lt;\/p&gt;\n\" data-medium-file=\"https:\/\/i0.wp.com\/www.kabely.cz\/wp\/wp-content\/uploads\/2012\/01\/enikalogo.gif?fit=220%2C73\" data-large-file=\"https:\/\/i0.wp.com\/www.kabely.cz\/wp\/wp-content\/uploads\/2012\/01\/enikalogo.gif?fit=220%2C73\" src=\"https:\/\/i0.wp.com\/www.kabely.cz\/wp\/wp-content\/uploads\/2012\/01\/enikalogo.gif?resize=180%2C50\" alt=\"Enika\" title=\"enikalogo\" width=\"180\" height=\"50\" class=\"size-full wp-image-1510\" \/><br \/>\n<\/a>\n<\/div>\n<div style=\"padding:2em 0 4em 2em\">\nDistribuce sou\u010d\u00e1stek pro elektrotechniku.<br \/>\n<a href=\"http:\/\/www.enika.cz\">www.enika.cz<\/a>\n<\/div>\n<\/div>\n<div style=\"border:1px solid grey;background-color:#e5e5e5\">\n<div style=\"float:left;padding:0 2em 0 2em\">\n<a href=\"http:\/\/www.eling.cz\"><br \/>\n<img data-recalc-dims=\"1\" loading=\"lazy\" decoding=\"async\" data-attachment-id=\"1513\" data-permalink=\"http:\/\/www.kabely.cz\/wp\/dodavatele-elektrosoucastek\/logo_eling-2\/\" data-orig-file=\"https:\/\/i0.wp.com\/www.kabely.cz\/wp\/wp-content\/uploads\/2012\/01\/logo_eling1.gif?fit=86%2C60\" data-orig-size=\"86,60\" data-comments-opened=\"0\" data-image-meta=\"{&quot;aperture&quot;:&quot;0&quot;,&quot;credit&quot;:&quot;&quot;,&quot;camera&quot;:&quot;&quot;,&quot;caption&quot;:&quot;&quot;,&quot;created_timestamp&quot;:&quot;0&quot;,&quot;copyright&quot;:&quot;&quot;,&quot;focal_length&quot;:&quot;0&quot;,&quot;iso&quot;:&quot;0&quot;,&quot;shutter_speed&quot;:&quot;0&quot;,&quot;title&quot;:&quot;&quot;}\" data-image-title=\"logo_eling\" data-image-description=\"\" data-image-caption=\"&lt;p&gt;Eling Bohemia&lt;\/p&gt;\n\" data-medium-file=\"https:\/\/i0.wp.com\/www.kabely.cz\/wp\/wp-content\/uploads\/2012\/01\/logo_eling1.gif?fit=86%2C60\" data-large-file=\"https:\/\/i0.wp.com\/www.kabely.cz\/wp\/wp-content\/uploads\/2012\/01\/logo_eling1.gif?fit=86%2C60\" src=\"https:\/\/i0.wp.com\/www.kabely.cz\/wp\/wp-content\/uploads\/2012\/01\/logo_eling1.gif?resize=86%2C60\" alt=\"Eling Bohemia\" title=\"logo_eling\" width=\"86\" height=\"60\" class=\"size-full wp-image-1513\" \/><br \/>\n<\/a>\n<\/div>\n<div style=\"padding:2em 0 4em 2em\">\nDistribuce sou\u010d\u00e1stek pro elektrotechniku.<br \/>\n<a href=\"http:\/\/www.eling.cz\">http:\/\/www.eling.cz<\/a>\n<\/div>\n<\/div>\n<div style=\"border:1px solid grey;background-color:#e5e5e5\">\n<div style=\"float:left;padding:0 2em 0em 2em\">\n<a href=\"http:\/\/www.aki-electronic.cz\"><br \/>\n<img data-recalc-dims=\"1\" loading=\"lazy\" decoding=\"async\" data-attachment-id=\"1515\" data-permalink=\"http:\/\/www.kabely.cz\/wp\/dodavatele-elektrosoucastek\/akilogo\/\" data-orig-file=\"https:\/\/i0.wp.com\/www.kabely.cz\/wp\/wp-content\/uploads\/2012\/01\/akilogo.jpg?fit=96%2C96\" data-orig-size=\"96,96\" data-comments-opened=\"0\" data-image-meta=\"{&quot;aperture&quot;:&quot;0&quot;,&quot;credit&quot;:&quot;&quot;,&quot;camera&quot;:&quot;&quot;,&quot;caption&quot;:&quot;&quot;,&quot;created_timestamp&quot;:&quot;0&quot;,&quot;copyright&quot;:&quot;&quot;,&quot;focal_length&quot;:&quot;0&quot;,&quot;iso&quot;:&quot;0&quot;,&quot;shutter_speed&quot;:&quot;0&quot;,&quot;title&quot;:&quot;&quot;}\" data-image-title=\"akilogo\" data-image-description=\"\" data-image-caption=\"&lt;p&gt;AKI electronic&lt;\/p&gt;\n\" data-medium-file=\"https:\/\/i0.wp.com\/www.kabely.cz\/wp\/wp-content\/uploads\/2012\/01\/akilogo.jpg?fit=96%2C96\" data-large-file=\"https:\/\/i0.wp.com\/www.kabely.cz\/wp\/wp-content\/uploads\/2012\/01\/akilogo.jpg?fit=96%2C96\" src=\"https:\/\/i0.wp.com\/www.kabely.cz\/wp\/wp-content\/uploads\/2012\/01\/akilogo.jpg?resize=80%2C80\" alt=\"AKI electronic\" title=\"akilogo\" width=\"80\" height=\"80\" class=\"size-full wp-image-1515\" \/><br \/>\n<\/a>\n<\/div>\n<div style=\"padding:2em 0 4em 2em\">\nV\u00fdvoj a v\u00fdroba f\u00f3liov\u00fdch kl\u00e1vesnic a \u0161t\u00edtk\u016f.<br \/>\n<a href=\"http:\/\/www.aki-electronic.cz\">www.aki-electronic.cz<\/a>\n<\/div>\n<\/div>\n<div style=\"border:1px solid grey;background-color:#e5e5e5\">\n<div style=\"float:left;padding:0 2em 0em 2em\">\n<a href=\"http:\/\/www.sick.com\"><br \/>\n<img data-recalc-dims=\"1\" loading=\"lazy\" decoding=\"async\" data-attachment-id=\"1516\" data-permalink=\"http:\/\/www.kabely.cz\/wp\/dodavatele-elektrosoucastek\/sick_logo\/\" data-orig-file=\"https:\/\/i0.wp.com\/www.kabely.cz\/wp\/wp-content\/uploads\/2012\/01\/sick_logo.gif?fit=122%2C50\" data-orig-size=\"122,50\" data-comments-opened=\"0\" data-image-meta=\"{&quot;aperture&quot;:&quot;0&quot;,&quot;credit&quot;:&quot;&quot;,&quot;camera&quot;:&quot;&quot;,&quot;caption&quot;:&quot;&quot;,&quot;created_timestamp&quot;:&quot;0&quot;,&quot;copyright&quot;:&quot;&quot;,&quot;focal_length&quot;:&quot;0&quot;,&quot;iso&quot;:&quot;0&quot;,&quot;shutter_speed&quot;:&quot;0&quot;,&quot;title&quot;:&quot;&quot;}\" data-image-title=\"sick_logo\" data-image-description=\"\" data-image-caption=\"&lt;p&gt;Sick&lt;\/p&gt;\n\" data-medium-file=\"https:\/\/i0.wp.com\/www.kabely.cz\/wp\/wp-content\/uploads\/2012\/01\/sick_logo.gif?fit=122%2C50\" data-large-file=\"https:\/\/i0.wp.com\/www.kabely.cz\/wp\/wp-content\/uploads\/2012\/01\/sick_logo.gif?fit=122%2C50\" src=\"https:\/\/i0.wp.com\/www.kabely.cz\/wp\/wp-content\/uploads\/2012\/01\/sick_logo.gif?resize=122%2C50\" alt=\"Sick \" title=\"sick_logo\" width=\"122\" height=\"50\" class=\"size-full wp-image-1516\" \/><br \/>\n<\/a>\n<\/div>\n<div style=\"padding:2em 0 2em 2em\">\nP\u0159edn\u00ed celosv\u011btov\u00fd v\u00fdrobce inteligentn\u00edch senzor\u016f a senzorov\u00fdch \u0159e\u0161en\u00ed pro v\u00fdrobn\u00ed, logistickou a procesn\u00ed automatizaci.<br \/>\n<a href=\"http:\/\/www.sick.com\">www.sick.com<\/a>\n<\/div>\n<\/div>\n<div style=\"border:1px solid grey;background-color:#e5e5e5\">\n<div style=\"float:left;padding:0 2em 0em 2em\">\n<a href=\"http:\/\/www.svk.cz\"><br \/>\n<img data-recalc-dims=\"1\" loading=\"lazy\" decoding=\"async\" data-attachment-id=\"1518\" data-permalink=\"http:\/\/www.kabely.cz\/wp\/dodavatele-elektrosoucastek\/svklogo\/\" data-orig-file=\"https:\/\/i0.wp.com\/www.kabely.cz\/wp\/wp-content\/uploads\/2012\/01\/svklogo.png?fit=156%2C54\" data-orig-size=\"156,54\" data-comments-opened=\"0\" data-image-meta=\"{&quot;aperture&quot;:&quot;0&quot;,&quot;credit&quot;:&quot;&quot;,&quot;camera&quot;:&quot;&quot;,&quot;caption&quot;:&quot;&quot;,&quot;created_timestamp&quot;:&quot;0&quot;,&quot;copyright&quot;:&quot;&quot;,&quot;focal_length&quot;:&quot;0&quot;,&quot;iso&quot;:&quot;0&quot;,&quot;shutter_speed&quot;:&quot;0&quot;,&quot;title&quot;:&quot;&quot;}\" data-image-title=\"svklogo\" data-image-description=\"\" data-image-caption=\"&lt;p&gt;SVK Elektronik&lt;\/p&gt;\n\" data-medium-file=\"https:\/\/i0.wp.com\/www.kabely.cz\/wp\/wp-content\/uploads\/2012\/01\/svklogo.png?fit=156%2C54\" data-large-file=\"https:\/\/i0.wp.com\/www.kabely.cz\/wp\/wp-content\/uploads\/2012\/01\/svklogo.png?fit=156%2C54\" src=\"https:\/\/i0.wp.com\/www.kabely.cz\/wp\/wp-content\/uploads\/2012\/01\/svklogo.png?resize=156%2C54\" alt=\"SVK Elektronik\" title=\"svklogo\" width=\"156\" height=\"54\" class=\"size-full wp-image-1518\" \/><br \/>\n<\/a>\n<\/div>\n<div style=\"padding:2em 0 2em 2em\">\nDistribuce pr\u016fmyslov\u00fdch konektor\u016f, konektor\u016f do PS, ploch\u00fdch a p\u00e1skov\u00fdch vodi\u010d\u016f, plastov\u00fdch a kovov\u00fdch elektrokrabi\u010dek, apod.<br \/>\n<a href=\"http:\/\/www.svk.cz\">www.svk.cz<\/a>\n<\/div>\n<\/div>\n<div style=\"border:1px solid grey;background-color:#e5e5e5\">\n<div style=\"float:left;padding:0 2em 0em 2em\">\n<a href=\"http:\/\/www.hella.cz\/\"><br \/>\n<img data-recalc-dims=\"1\" loading=\"lazy\" decoding=\"async\" data-attachment-id=\"1520\" data-permalink=\"http:\/\/www.kabely.cz\/wp\/dodavatele-elektrosoucastek\/helalogo\/\" data-orig-file=\"https:\/\/i0.wp.com\/www.kabely.cz\/wp\/wp-content\/uploads\/2012\/01\/helalogo.jpg?fit=128%2C93\" data-orig-size=\"128,93\" data-comments-opened=\"0\" data-image-meta=\"{&quot;aperture&quot;:&quot;0&quot;,&quot;credit&quot;:&quot;&quot;,&quot;camera&quot;:&quot;&quot;,&quot;caption&quot;:&quot;&quot;,&quot;created_timestamp&quot;:&quot;0&quot;,&quot;copyright&quot;:&quot;&quot;,&quot;focal_length&quot;:&quot;0&quot;,&quot;iso&quot;:&quot;0&quot;,&quot;shutter_speed&quot;:&quot;0&quot;,&quot;title&quot;:&quot;&quot;}\" data-image-title=\"helalogo\" data-image-description=\"\" data-image-caption=\"&lt;p&gt;Hella CZ&lt;\/p&gt;\n\" data-medium-file=\"https:\/\/i0.wp.com\/www.kabely.cz\/wp\/wp-content\/uploads\/2012\/01\/helalogo.jpg?fit=128%2C93\" data-large-file=\"https:\/\/i0.wp.com\/www.kabely.cz\/wp\/wp-content\/uploads\/2012\/01\/helalogo.jpg?fit=128%2C93\" src=\"https:\/\/i0.wp.com\/www.kabely.cz\/wp\/wp-content\/uploads\/2012\/01\/helalogo.jpg?resize=100%2C70\" alt=\"Hella CZ\" title=\"helalogo\" width=\"100\" height=\"70\" class=\"size-full wp-image-1520\" \/><br \/>\n<\/a>\n<\/div>\n<div style=\"padding:2em 0 4em 2em\">\nDistributor sou\u010d\u00e1stek p\u0159edev\u0161\u00edm pro autoelektriku.<br \/>\n<a href=\"http:\/\/www.hella.cz\/\">www.hella.cz\/<\/a>\n<\/div>\n<\/div>\n","protected":false},"excerpt":{"rendered":"<p>Autorizovan\u00e1 distribuce integrovan\u00fdch obvod\u016f. www.ryston.cz Distribuce sou\u010d\u00e1stek pro elektrotechniku. www.enika.cz Distribuce sou\u010d\u00e1stek pro elektrotechniku. http:\/\/www.eling.cz V\u00fdvoj a v\u00fdroba f\u00f3liov\u00fdch kl\u00e1vesnic a \u0161t\u00edtk\u016f. www.aki-electronic.cz P\u0159edn\u00ed celosv\u011btov\u00fd v\u00fdrobce inteligentn\u00edch senzor\u016f a senzorov\u00fdch &#8230;<\/p>\n","protected":false},"author":1,"featured_media":0,"parent":0,"menu_order":0,"comment_status":"closed","ping_status":"closed","template":"","meta":{"jetpack_post_was_ever_published":false,"footnotes":""},"class_list":["post-756","page","type-page","status-publish","hentry"],"jetpack_sharing_enabled":true,"jetpack_shortlink":"https:\/\/wp.me\/P8YR1r-cc","jetpack-related-posts":[],"_links":{"self":[{"href":"http:\/\/www.kabely.cz\/wp\/wp-json\/wp\/v2\/pages\/756","targetHints":{"allow":["GET"]}}],"collection":[{"href":"http:\/\/www.kabely.cz\/wp\/wp-json\/wp\/v2\/pages"}],"about":[{"href":"http:\/\/www.kabely.cz\/wp\/wp-json\/wp\/v2\/types\/page"}],"author":[{"embeddable":true,"href":"http:\/\/www.kabely.cz\/wp\/wp-json\/wp\/v2\/users\/1"}],"replies":[{"embeddable":true,"href":"http:\/\/www.kabely.cz\/wp\/wp-json\/wp\/v2\/comments?post=756"}],"version-history":[{"count":10,"href":"http:\/\/www.kabely.cz\/wp\/wp-json\/wp\/v2\/pages\/756\/revisions"}],"predecessor-version":[{"id":1507,"href":"http:\/\/www.kabely.cz\/wp\/wp-json\/wp\/v2\/pages\/756\/revisions\/1507"}],"wp:attachment":[{"href":"http:\/\/www.kabely.cz\/wp\/wp-json\/wp\/v2\/media?parent=756"}],"curies":[{"name":"wp","href":"https:\/\/api.w.org\/{rel}","templated":true}]}}